{"id":129,"date":"2023-02-24T08:58:31","date_gmt":"2023-02-24T07:58:31","guid":{"rendered":"https:\/\/www.warno.be\/?page_id=129"},"modified":"2023-02-26T21:42:32","modified_gmt":"2023-02-26T20:42:32","slug":"restaurants-a-proximite","status":"publish","type":"page","link":"https:\/\/www.warno.be\/?page_id=129","title":{"rendered":"Restaurants \u00e0 proximit\u00e9"},"content":{"rendered":"\n<div class=\"wp-block-columns is-layout-flex wp-container-core-columns-is-layout-9d6595d7 wp-block-columns-is-layout-flex\">\n<div class=\"wp-block-column is-layout-flow wp-block-column-is-layout-flow\">\n<figure class=\"wp-block-image size-full\"><img loading=\"lazy\" decoding=\"async\" width=\"347\" height=\"280\" src=\"https:\/\/www.warno.be\/wp-content\/uploads\/2023\/02\/Capture-decran-2023-02-24-091103.jpg\" alt=\"\" class=\"wp-image-143\" srcset=\"https:\/\/www.warno.be\/wp-content\/uploads\/2023\/02\/Capture-decran-2023-02-24-091103.jpg 347w, https:\/\/www.warno.be\/wp-content\/uploads\/2023\/02\/Capture-decran-2023-02-24-091103-300x242.jpg 300w\" sizes=\"auto, (max-width: 347px) 100vw, 347px\" \/><\/figure>\n\n\n\n<p>&#8220;Restaurant typique de la r\u00e9gion o\u00f9 d\u00e9couvrir les gnocchis et les orechiettes, un d\u00e9lice.&#8221;<\/p>\n\n\n<a class=\"wp-block-read-more\" href=\"https:\/\/www.warno.be\/?page_id=129\" target=\"_self\"><a href=\"https:\/\/gliantenati.com\/\">Ristorante \/ Pizzeria Gli Antenati di Silvi Marina<\/a><span class=\"screen-reader-text\">: Restaurants \u00e0 proximit\u00e9<\/span><\/a><\/div>\n\n\n\n<div class=\"wp-block-column is-layout-flow wp-block-column-is-layout-flow\">\n<figure class=\"wp-block-image size-large is-resized\"><img loading=\"lazy\" decoding=\"async\" src=\"https:\/\/www.warno.be\/wp-content\/uploads\/2023\/02\/Capture-decran-2023-02-24-091216-1024x714.jpg\" alt=\"\" class=\"wp-image-144\" width=\"210\" height=\"146\" srcset=\"https:\/\/www.warno.be\/wp-content\/uploads\/2023\/02\/Capture-decran-2023-02-24-091216-1024x714.jpg 1024w, https:\/\/www.warno.be\/wp-content\/uploads\/2023\/02\/Capture-decran-2023-02-24-091216-300x209.jpg 300w, https:\/\/www.warno.be\/wp-content\/uploads\/2023\/02\/Capture-decran-2023-02-24-091216-768x536.jpg 768w, https:\/\/www.warno.be\/wp-content\/uploads\/2023\/02\/Capture-decran-2023-02-24-091216.jpg 1085w\" sizes=\"auto, (max-width: 210px) 100vw, 210px\" \/><\/figure>\n\n\n\n<p>&#8220;Restaurant plut\u00f4t sp\u00e9cialis\u00e9 dans les viandes, \u00e0 essayer : les tomahawk et autres tagliata&#8221;<\/p>\n\n\n<a class=\"wp-block-read-more\" href=\"https:\/\/www.warno.be\/?page_id=129\" target=\"_self\"><a href=\"https:\/\/www.tripadvisor.it\/Restaurant_Review-g194920-d14934800-Reviews-Il_Giardino_Dei_Mascalzoni-Silvi_Marina_Province_of_Teramo_Abruzzo.html\">IL GIARDINO DEI MASCALZONI, Silvi Marina &#8211; Ristorante Recensioni, Numero di Telefono &amp; Foto &#8211; Tripadvisor<\/a><span class=\"screen-reader-text\">: Restaurants \u00e0 proximit\u00e9<\/span><\/a><\/div>\n\n\n\n<div class=\"wp-block-column is-layout-flow wp-block-column-is-layout-flow\">\n<figure class=\"wp-block-image size-large is-resized\"><img loading=\"lazy\" decoding=\"async\" src=\"https:\/\/www.warno.be\/wp-content\/uploads\/2023\/02\/IMG_1971-1016x1024.jpg\" alt=\"\" class=\"wp-image-18\" width=\"156\" height=\"157\" srcset=\"https:\/\/www.warno.be\/wp-content\/uploads\/2023\/02\/IMG_1971-1016x1024.jpg 1016w, https:\/\/www.warno.be\/wp-content\/uploads\/2023\/02\/IMG_1971-298x300.jpg 298w, https:\/\/www.warno.be\/wp-content\/uploads\/2023\/02\/IMG_1971-150x150.jpg 150w, https:\/\/www.warno.be\/wp-content\/uploads\/2023\/02\/IMG_1971-768x774.jpg 768w, https:\/\/www.warno.be\/wp-content\/uploads\/2023\/02\/IMG_1971-1523x1536.jpg 1523w, https:\/\/www.warno.be\/wp-content\/uploads\/2023\/02\/IMG_1971-2031x2048.jpg 2031w\" sizes=\"auto, (max-width: 156px) 100vw, 156px\" \/><\/figure>\n\n\n\n<p>&#8220;Peu importe ce que vous commanderez, ce sera d\u00e9licieux. P\u00e2tes, Pizza, poissons&#8230;&#8221;<\/p>\n\n\n<a class=\"wp-block-read-more\" href=\"https:\/\/www.warno.be\/?page_id=129\" target=\"_self\"><a href=\"https:\/\/www.tripadvisor.it\/Restaurant_Review-g194920-d3354854-Reviews-L_isola_felice-Silvi_Marina_Province_of_Teramo_Abruzzo.html\">L&#8217;ISOLA FELICE, Silvi Marina &#8211; Ristorante Recensioni, Numero di Telefono &amp; Foto &#8211; Tripadvisor<\/a><span class=\"screen-reader-text\">: Restaurants \u00e0 proximit\u00e9<\/span><\/a><\/div>\n<\/div>\n\n\n\n<p>Les restaurants sont nombreux dans les environs, vous aurez l&#8217;embarras du choix.<\/p>\n","protected":false},"excerpt":{"rendered":"<p>&#8220;Restaurant typique de la r\u00e9gion o\u00f9 d\u00e9couvrir les gnocchis et les orechiettes, un d\u00e9lice.&#8221; &#8220;Restaurant plut\u00f4t sp\u00e9cialis\u00e9 dans les viandes, \u00e0 essayer : les tomahawk et autres tagliata&#8221; &#8220;Peu importe ce que vous commanderez, ce sera d\u00e9licieux. P\u00e2tes, Pizza, poissons&#8230;&#8221; Les restaurants sont nombreux dans les environs, vous aurez l&#8217;embarras du choix.<\/p>\n","protected":false},"author":1,"featured_media":0,"parent":0,"menu_order":0,"comment_status":"closed","ping_status":"closed","template":"","meta":{"footnotes":""},"class_list":["post-129","page","type-page","status-publish","hentry"],"_links":{"self":[{"href":"https:\/\/www.warno.be\/index.php?rest_route=\/wp\/v2\/pages\/129","targetHints":{"allow":["GET"]}}],"collection":[{"href":"https:\/\/www.warno.be\/index.php?rest_route=\/wp\/v2\/pages"}],"about":[{"href":"https:\/\/www.warno.be\/index.php?rest_route=\/wp\/v2\/types\/page"}],"author":[{"embeddable":true,"href":"https:\/\/www.warno.be\/index.php?rest_route=\/wp\/v2\/users\/1"}],"replies":[{"embeddable":true,"href":"https:\/\/www.warno.be\/index.php?rest_route=%2Fwp%2Fv2%2Fcomments&post=129"}],"version-history":[{"count":4,"href":"https:\/\/www.warno.be\/index.php?rest_route=\/wp\/v2\/pages\/129\/revisions"}],"predecessor-version":[{"id":153,"href":"https:\/\/www.warno.be\/index.php?rest_route=\/wp\/v2\/pages\/129\/revisions\/153"}],"wp:attachment":[{"href":"https:\/\/www.warno.be\/index.php?rest_route=%2Fwp%2Fv2%2Fmedia&parent=129"}],"curies":[{"name":"wp","href":"https:\/\/api.w.org\/{rel}","templated":true}]}}