{"id":130,"date":"2023-02-24T08:58:31","date_gmt":"2023-02-24T07:58:31","guid":{"rendered":"https:\/\/www.warno.be\/?page_id=130"},"modified":"2026-01-07T15:15:50","modified_gmt":"2026-01-07T14:15:50","slug":"pour-les-enfants","status":"publish","type":"page","link":"https:\/\/www.warno.be\/?page_id=130","title":{"rendered":"Pour les enfants"},"content":{"rendered":"\n<figure class=\"wp-block-image size-full\"><img loading=\"lazy\" decoding=\"async\" width=\"801\" height=\"640\" src=\"https:\/\/www.warno.be\/wp-content\/uploads\/2023\/02\/Capture-decran-2023-02-24-091142.jpg\" alt=\"\" class=\"wp-image-147\" srcset=\"https:\/\/www.warno.be\/wp-content\/uploads\/2023\/02\/Capture-decran-2023-02-24-091142.jpg 801w, https:\/\/www.warno.be\/wp-content\/uploads\/2023\/02\/Capture-decran-2023-02-24-091142-300x240.jpg 300w, https:\/\/www.warno.be\/wp-content\/uploads\/2023\/02\/Capture-decran-2023-02-24-091142-768x614.jpg 768w\" sizes=\"auto, (max-width: 706px) 89vw, (max-width: 767px) 82vw, 740px\" \/><figcaption class=\"wp-element-caption\">Le restaurant &#8220;Il Giardino dei Mascalzoni&#8221; vous offrira la possibilit\u00e9 d&#8217;occuper votre enfant durant le repas sur les chateaux gonflables, en plus, ce restaurant est situ\u00e9 \u00e0 50 m\u00e8tres de l&#8217;appartement ! <\/figcaption><\/figure>\n\n\n\n<figure class=\"wp-block-image size-large\"><img loading=\"lazy\" decoding=\"async\" width=\"1024\" height=\"576\" src=\"https:\/\/www.warno.be\/wp-content\/uploads\/2025\/01\/Parc-ok-1024x576.jpg\" alt=\"\" class=\"wp-image-170\" srcset=\"https:\/\/www.warno.be\/wp-content\/uploads\/2025\/01\/Parc-ok-1024x576.jpg 1024w, https:\/\/www.warno.be\/wp-content\/uploads\/2025\/01\/Parc-ok-300x169.jpg 300w, https:\/\/www.warno.be\/wp-content\/uploads\/2025\/01\/Parc-ok-768x432.jpg 768w, https:\/\/www.warno.be\/wp-content\/uploads\/2025\/01\/Parc-ok.jpg 1280w\" sizes=\"auto, (max-width: 706px) 89vw, (max-width: 767px) 82vw, 740px\" \/><\/figure>\n\n\n\n<p>Le parc communal est compos\u00e9 de nombreux jeux pour enfants \u00e9galement, tout le temps accessible \u00e0 quelques mettres de la plage. Tr\u00e8s pratique et bien situ\u00e9. <\/p>\n\n\n\n<figure class=\"wp-block-image size-large\"><img loading=\"lazy\" decoding=\"async\" width=\"1024\" height=\"576\" src=\"https:\/\/www.warno.be\/wp-content\/uploads\/2025\/01\/luna-1024x576.jpg\" alt=\"\" class=\"wp-image-171\" srcset=\"https:\/\/www.warno.be\/wp-content\/uploads\/2025\/01\/luna-1024x576.jpg 1024w, https:\/\/www.warno.be\/wp-content\/uploads\/2025\/01\/luna-300x169.jpg 300w, https:\/\/www.warno.be\/wp-content\/uploads\/2025\/01\/luna-768x432.jpg 768w, https:\/\/www.warno.be\/wp-content\/uploads\/2025\/01\/luna.jpg 1422w\" sizes=\"auto, (max-width: 706px) 89vw, (max-width: 767px) 82vw, 740px\" \/><\/figure>\n\n\n\n<p>Une f\u00eate foraine \/ luna park est \u00e9galement proche de l&#8217;appartement (700m) et est active tous les jours de la semaine. <br>Id\u00e9al pour faire une marche apr\u00e8s le repas et profiter du temps id\u00e9al en soir\u00e9e. <\/p>\n\n\n\n<p><\/p>\n","protected":false},"excerpt":{"rendered":"<p>Le parc communal est compos\u00e9 de nombreux jeux pour enfants \u00e9galement, tout le temps accessible \u00e0 quelques mettres de la plage. Tr\u00e8s pratique et bien situ\u00e9. Une f\u00eate foraine \/ luna park est \u00e9galement proche de l&#8217;appartement (700m) et est active tous les jours de la semaine. Id\u00e9al pour faire une marche apr\u00e8s le repas &hellip; <\/p>\n<p class=\"link-more\"><a href=\"https:\/\/www.warno.be\/?page_id=130\" class=\"more-link\">Continue reading<span class=\"screen-reader-text\"> &#8220;Pour les enfants&#8221;<\/span><\/a><\/p>\n","protected":false},"author":1,"featured_media":0,"parent":0,"menu_order":0,"comment_status":"closed","ping_status":"closed","template":"","meta":{"footnotes":""},"class_list":["post-130","page","type-page","status-publish","hentry"],"_links":{"self":[{"href":"https:\/\/www.warno.be\/index.php?rest_route=\/wp\/v2\/pages\/130","targetHints":{"allow":["GET"]}}],"collection":[{"href":"https:\/\/www.warno.be\/index.php?rest_route=\/wp\/v2\/pages"}],"about":[{"href":"https:\/\/www.warno.be\/index.php?rest_route=\/wp\/v2\/types\/page"}],"author":[{"embeddable":true,"href":"https:\/\/www.warno.be\/index.php?rest_route=\/wp\/v2\/users\/1"}],"replies":[{"embeddable":true,"href":"https:\/\/www.warno.be\/index.php?rest_route=%2Fwp%2Fv2%2Fcomments&post=130"}],"version-history":[{"count":5,"href":"https:\/\/www.warno.be\/index.php?rest_route=\/wp\/v2\/pages\/130\/revisions"}],"predecessor-version":[{"id":199,"href":"https:\/\/www.warno.be\/index.php?rest_route=\/wp\/v2\/pages\/130\/revisions\/199"}],"wp:attachment":[{"href":"https:\/\/www.warno.be\/index.php?rest_route=%2Fwp%2Fv2%2Fmedia&parent=130"}],"curies":[{"name":"wp","href":"https:\/\/api.w.org\/{rel}","templated":true}]}}