{"id":53,"date":"2023-02-23T20:48:32","date_gmt":"2023-02-23T19:48:32","guid":{"rendered":"http:\/\/www.warno.be\/?page_id=53"},"modified":"2023-12-25T20:56:05","modified_gmt":"2023-12-25T19:56:05","slug":"lappartement-n12","status":"publish","type":"page","link":"https:\/\/www.warno.be\/?page_id=53","title":{"rendered":"L&#8217;appartement n\u00b012"},"content":{"rendered":"\n<figure class=\"wp-block-gallery has-nested-images columns-default is-cropped wp-block-gallery-1 is-layout-flex wp-block-gallery-is-layout-flex\">\n<figure class=\"wp-block-image size-large\"><img loading=\"lazy\" decoding=\"async\" width=\"1024\" height=\"768\" data-id=\"33\" src=\"https:\/\/www.warno.be\/wp-content\/uploads\/2023\/02\/IMG_2393-1024x768.jpg\" alt=\"\" class=\"wp-image-33\" srcset=\"https:\/\/www.warno.be\/wp-content\/uploads\/2023\/02\/IMG_2393-1024x768.jpg 1024w, https:\/\/www.warno.be\/wp-content\/uploads\/2023\/02\/IMG_2393-300x225.jpg 300w, https:\/\/www.warno.be\/wp-content\/uploads\/2023\/02\/IMG_2393-768x576.jpg 768w, https:\/\/www.warno.be\/wp-content\/uploads\/2023\/02\/IMG_2393-1536x1152.jpg 1536w, https:\/\/www.warno.be\/wp-content\/uploads\/2023\/02\/IMG_2393-2048x1536.jpg 2048w\" sizes=\"auto, (max-width: 706px) 89vw, (max-width: 767px) 82vw, 740px\" \/><\/figure>\n\n\n\n<figure class=\"wp-block-image size-large\"><img loading=\"lazy\" decoding=\"async\" width=\"768\" height=\"1024\" data-id=\"32\" src=\"https:\/\/www.warno.be\/wp-content\/uploads\/2023\/02\/IMG_2392-768x1024.jpg\" alt=\"\" class=\"wp-image-32\" srcset=\"https:\/\/www.warno.be\/wp-content\/uploads\/2023\/02\/IMG_2392-768x1024.jpg 768w, https:\/\/www.warno.be\/wp-content\/uploads\/2023\/02\/IMG_2392-225x300.jpg 225w, https:\/\/www.warno.be\/wp-content\/uploads\/2023\/02\/IMG_2392-1152x1536.jpg 1152w, https:\/\/www.warno.be\/wp-content\/uploads\/2023\/02\/IMG_2392-1536x2048.jpg 1536w, https:\/\/www.warno.be\/wp-content\/uploads\/2023\/02\/IMG_2392-scaled.jpg 1920w\" sizes=\"auto, (max-width: 706px) 89vw, (max-width: 767px) 82vw, 740px\" \/><\/figure>\n\n\n\n<figure class=\"wp-block-image size-large\"><img loading=\"lazy\" decoding=\"async\" width=\"1024\" height=\"768\" data-id=\"31\" src=\"https:\/\/www.warno.be\/wp-content\/uploads\/2023\/02\/IMG_2391-1024x768.jpg\" alt=\"\" class=\"wp-image-31\" srcset=\"https:\/\/www.warno.be\/wp-content\/uploads\/2023\/02\/IMG_2391-1024x768.jpg 1024w, https:\/\/www.warno.be\/wp-content\/uploads\/2023\/02\/IMG_2391-300x225.jpg 300w, https:\/\/www.warno.be\/wp-content\/uploads\/2023\/02\/IMG_2391-768x576.jpg 768w, https:\/\/www.warno.be\/wp-content\/uploads\/2023\/02\/IMG_2391-1536x1152.jpg 1536w, https:\/\/www.warno.be\/wp-content\/uploads\/2023\/02\/IMG_2391-2048x1536.jpg 2048w\" sizes=\"auto, (max-width: 706px) 89vw, (max-width: 767px) 82vw, 740px\" \/><\/figure>\n\n\n\n<figure class=\"wp-block-image size-large\"><img loading=\"lazy\" decoding=\"async\" width=\"1024\" height=\"768\" data-id=\"30\" src=\"https:\/\/www.warno.be\/wp-content\/uploads\/2023\/02\/IMG_2390-1024x768.jpg\" alt=\"\" class=\"wp-image-30\" srcset=\"https:\/\/www.warno.be\/wp-content\/uploads\/2023\/02\/IMG_2390-1024x768.jpg 1024w, https:\/\/www.warno.be\/wp-content\/uploads\/2023\/02\/IMG_2390-300x225.jpg 300w, https:\/\/www.warno.be\/wp-content\/uploads\/2023\/02\/IMG_2390-768x576.jpg 768w, https:\/\/www.warno.be\/wp-content\/uploads\/2023\/02\/IMG_2390-1536x1152.jpg 1536w, https:\/\/www.warno.be\/wp-content\/uploads\/2023\/02\/IMG_2390-2048x1536.jpg 2048w\" sizes=\"auto, (max-width: 706px) 89vw, (max-width: 767px) 82vw, 740px\" \/><\/figure>\n\n\n\n<figure class=\"wp-block-image size-large\"><img loading=\"lazy\" decoding=\"async\" width=\"1024\" height=\"768\" data-id=\"22\" src=\"https:\/\/www.warno.be\/wp-content\/uploads\/2023\/02\/IMG_1984-1024x768.jpg\" alt=\"\" class=\"wp-image-22\" srcset=\"https:\/\/www.warno.be\/wp-content\/uploads\/2023\/02\/IMG_1984-1024x768.jpg 1024w, https:\/\/www.warno.be\/wp-content\/uploads\/2023\/02\/IMG_1984-300x225.jpg 300w, https:\/\/www.warno.be\/wp-content\/uploads\/2023\/02\/IMG_1984-768x576.jpg 768w, https:\/\/www.warno.be\/wp-content\/uploads\/2023\/02\/IMG_1984-1536x1152.jpg 1536w, https:\/\/www.warno.be\/wp-content\/uploads\/2023\/02\/IMG_1984-2048x1536.jpg 2048w\" sizes=\"auto, (max-width: 706px) 89vw, (max-width: 767px) 82vw, 740px\" \/><\/figure>\n\n\n\n<figure class=\"wp-block-image size-large\"><img loading=\"lazy\" decoding=\"async\" width=\"1024\" height=\"768\" data-id=\"20\" src=\"https:\/\/www.warno.be\/wp-content\/uploads\/2023\/02\/IMG_1982-1024x768.jpg\" alt=\"\" class=\"wp-image-20\" srcset=\"https:\/\/www.warno.be\/wp-content\/uploads\/2023\/02\/IMG_1982-1024x768.jpg 1024w, https:\/\/www.warno.be\/wp-content\/uploads\/2023\/02\/IMG_1982-300x225.jpg 300w, https:\/\/www.warno.be\/wp-content\/uploads\/2023\/02\/IMG_1982-768x576.jpg 768w, https:\/\/www.warno.be\/wp-content\/uploads\/2023\/02\/IMG_1982-1536x1152.jpg 1536w, https:\/\/www.warno.be\/wp-content\/uploads\/2023\/02\/IMG_1982-2048x1536.jpg 2048w\" sizes=\"auto, (max-width: 706px) 89vw, (max-width: 767px) 82vw, 740px\" \/><\/figure>\n\n\n\n<figure class=\"wp-block-image size-large\"><img loading=\"lazy\" decoding=\"async\" width=\"768\" height=\"1024\" data-id=\"27\" src=\"https:\/\/www.warno.be\/wp-content\/uploads\/2023\/02\/IMG_2384-768x1024.jpg\" alt=\"\" class=\"wp-image-27\" srcset=\"https:\/\/www.warno.be\/wp-content\/uploads\/2023\/02\/IMG_2384-768x1024.jpg 768w, https:\/\/www.warno.be\/wp-content\/uploads\/2023\/02\/IMG_2384-225x300.jpg 225w, https:\/\/www.warno.be\/wp-content\/uploads\/2023\/02\/IMG_2384-1152x1536.jpg 1152w, https:\/\/www.warno.be\/wp-content\/uploads\/2023\/02\/IMG_2384-1536x2048.jpg 1536w, https:\/\/www.warno.be\/wp-content\/uploads\/2023\/02\/IMG_2384-scaled.jpg 1920w\" sizes=\"auto, (max-width: 706px) 89vw, (max-width: 767px) 82vw, 740px\" \/><\/figure>\n\n\n\n<figure class=\"wp-block-image size-large\"><img loading=\"lazy\" decoding=\"async\" width=\"1024\" height=\"768\" data-id=\"11\" src=\"https:\/\/www.warno.be\/wp-content\/uploads\/2023\/02\/IMG_1955-1024x768.jpg\" alt=\"\" class=\"wp-image-11\" srcset=\"https:\/\/www.warno.be\/wp-content\/uploads\/2023\/02\/IMG_1955-1024x768.jpg 1024w, https:\/\/www.warno.be\/wp-content\/uploads\/2023\/02\/IMG_1955-300x225.jpg 300w, https:\/\/www.warno.be\/wp-content\/uploads\/2023\/02\/IMG_1955-768x576.jpg 768w, https:\/\/www.warno.be\/wp-content\/uploads\/2023\/02\/IMG_1955-1536x1152.jpg 1536w, https:\/\/www.warno.be\/wp-content\/uploads\/2023\/02\/IMG_1955-2048x1536.jpg 2048w\" sizes=\"auto, (max-width: 706px) 89vw, (max-width: 767px) 82vw, 740px\" \/><\/figure>\n\n\n\n<figure class=\"wp-block-image size-large\"><img loading=\"lazy\" decoding=\"async\" width=\"768\" height=\"1024\" data-id=\"12\" src=\"https:\/\/www.warno.be\/wp-content\/uploads\/2023\/02\/IMG_1956-768x1024.jpg\" alt=\"\" class=\"wp-image-12\" srcset=\"https:\/\/www.warno.be\/wp-content\/uploads\/2023\/02\/IMG_1956-768x1024.jpg 768w, https:\/\/www.warno.be\/wp-content\/uploads\/2023\/02\/IMG_1956-225x300.jpg 225w, https:\/\/www.warno.be\/wp-content\/uploads\/2023\/02\/IMG_1956-1152x1536.jpg 1152w, https:\/\/www.warno.be\/wp-content\/uploads\/2023\/02\/IMG_1956-1536x2048.jpg 1536w, https:\/\/www.warno.be\/wp-content\/uploads\/2023\/02\/IMG_1956-scaled.jpg 1920w\" sizes=\"auto, (max-width: 706px) 89vw, (max-width: 767px) 82vw, 740px\" \/><\/figure>\n\n\n\n<figure class=\"wp-block-image size-large\"><img loading=\"lazy\" decoding=\"async\" width=\"1024\" height=\"768\" data-id=\"14\" src=\"https:\/\/www.warno.be\/wp-content\/uploads\/2023\/02\/IMG_1958-1024x768.jpg\" alt=\"\" class=\"wp-image-14\" srcset=\"https:\/\/www.warno.be\/wp-content\/uploads\/2023\/02\/IMG_1958-1024x768.jpg 1024w, https:\/\/www.warno.be\/wp-content\/uploads\/2023\/02\/IMG_1958-300x225.jpg 300w, https:\/\/www.warno.be\/wp-content\/uploads\/2023\/02\/IMG_1958-768x576.jpg 768w, https:\/\/www.warno.be\/wp-content\/uploads\/2023\/02\/IMG_1958-1536x1152.jpg 1536w, https:\/\/www.warno.be\/wp-content\/uploads\/2023\/02\/IMG_1958-2048x1536.jpg 2048w\" sizes=\"auto, (max-width: 706px) 89vw, (max-width: 767px) 82vw, 740px\" \/><\/figure>\n\n\n\n<figure class=\"wp-block-image size-large\"><img loading=\"lazy\" decoding=\"async\" width=\"768\" height=\"1024\" data-id=\"13\" src=\"https:\/\/www.warno.be\/wp-content\/uploads\/2023\/02\/IMG_1957-768x1024.jpg\" alt=\"\" class=\"wp-image-13\" srcset=\"https:\/\/www.warno.be\/wp-content\/uploads\/2023\/02\/IMG_1957-768x1024.jpg 768w, https:\/\/www.warno.be\/wp-content\/uploads\/2023\/02\/IMG_1957-225x300.jpg 225w, https:\/\/www.warno.be\/wp-content\/uploads\/2023\/02\/IMG_1957-1152x1536.jpg 1152w, https:\/\/www.warno.be\/wp-content\/uploads\/2023\/02\/IMG_1957-1536x2048.jpg 1536w, https:\/\/www.warno.be\/wp-content\/uploads\/2023\/02\/IMG_1957-scaled.jpg 1920w\" sizes=\"auto, (max-width: 706px) 89vw, (max-width: 767px) 82vw, 740px\" \/><\/figure>\n\n\n\n<figure class=\"wp-block-image size-large\"><img loading=\"lazy\" decoding=\"async\" width=\"768\" height=\"1024\" data-id=\"10\" src=\"https:\/\/www.warno.be\/wp-content\/uploads\/2023\/02\/IMG_1954-768x1024.jpg\" alt=\"\" class=\"wp-image-10\" srcset=\"https:\/\/www.warno.be\/wp-content\/uploads\/2023\/02\/IMG_1954-768x1024.jpg 768w, https:\/\/www.warno.be\/wp-content\/uploads\/2023\/02\/IMG_1954-225x300.jpg 225w, https:\/\/www.warno.be\/wp-content\/uploads\/2023\/02\/IMG_1954-1152x1536.jpg 1152w, https:\/\/www.warno.be\/wp-content\/uploads\/2023\/02\/IMG_1954-1536x2048.jpg 1536w, https:\/\/www.warno.be\/wp-content\/uploads\/2023\/02\/IMG_1954-scaled.jpg 1920w\" sizes=\"auto, (max-width: 706px) 89vw, (max-width: 767px) 82vw, 740px\" \/><\/figure>\n\n\n\n<figure class=\"wp-block-image size-large\"><img loading=\"lazy\" decoding=\"async\" width=\"768\" height=\"1024\" data-id=\"9\" src=\"https:\/\/www.warno.be\/wp-content\/uploads\/2023\/02\/IMG_1953-768x1024.jpg\" alt=\"\" class=\"wp-image-9\" srcset=\"https:\/\/www.warno.be\/wp-content\/uploads\/2023\/02\/IMG_1953-768x1024.jpg 768w, https:\/\/www.warno.be\/wp-content\/uploads\/2023\/02\/IMG_1953-225x300.jpg 225w, https:\/\/www.warno.be\/wp-content\/uploads\/2023\/02\/IMG_1953-1152x1536.jpg 1152w, https:\/\/www.warno.be\/wp-content\/uploads\/2023\/02\/IMG_1953-1536x2048.jpg 1536w, https:\/\/www.warno.be\/wp-content\/uploads\/2023\/02\/IMG_1953-scaled.jpg 1920w\" sizes=\"auto, (max-width: 706px) 89vw, (max-width: 767px) 82vw, 740px\" \/><\/figure>\n<\/figure>\n\n\n\n<figure class=\"wp-block-gallery has-nested-images columns-default is-cropped wp-block-gallery-2 is-layout-flex wp-block-gallery-is-layout-flex\">\n<figure class=\"wp-block-image size-large\"><img loading=\"lazy\" decoding=\"async\" width=\"768\" height=\"1024\" data-id=\"26\" src=\"https:\/\/www.warno.be\/wp-content\/uploads\/2023\/02\/IMG_2381-768x1024.jpg\" alt=\"\" class=\"wp-image-26\" srcset=\"https:\/\/www.warno.be\/wp-content\/uploads\/2023\/02\/IMG_2381-768x1024.jpg 768w, https:\/\/www.warno.be\/wp-content\/uploads\/2023\/02\/IMG_2381-225x300.jpg 225w, https:\/\/www.warno.be\/wp-content\/uploads\/2023\/02\/IMG_2381-1152x1536.jpg 1152w, https:\/\/www.warno.be\/wp-content\/uploads\/2023\/02\/IMG_2381-1536x2048.jpg 1536w, https:\/\/www.warno.be\/wp-content\/uploads\/2023\/02\/IMG_2381-scaled.jpg 1920w\" sizes=\"auto, (max-width: 706px) 89vw, (max-width: 767px) 82vw, 740px\" \/><\/figure>\n\n\n\n<figure class=\"wp-block-image size-large\"><img loading=\"lazy\" decoding=\"async\" width=\"768\" height=\"1024\" data-id=\"25\" src=\"https:\/\/www.warno.be\/wp-content\/uploads\/2023\/02\/IMG_1990-768x1024.jpg\" alt=\"\" class=\"wp-image-25\" srcset=\"https:\/\/www.warno.be\/wp-content\/uploads\/2023\/02\/IMG_1990-768x1024.jpg 768w, https:\/\/www.warno.be\/wp-content\/uploads\/2023\/02\/IMG_1990-225x300.jpg 225w, https:\/\/www.warno.be\/wp-content\/uploads\/2023\/02\/IMG_1990-1152x1536.jpg 1152w, https:\/\/www.warno.be\/wp-content\/uploads\/2023\/02\/IMG_1990-1536x2048.jpg 1536w, https:\/\/www.warno.be\/wp-content\/uploads\/2023\/02\/IMG_1990-scaled.jpg 1920w\" sizes=\"auto, (max-width: 706px) 89vw, (max-width: 767px) 82vw, 740px\" \/><\/figure>\n\n\n\n<figure class=\"wp-block-image size-large\"><img loading=\"lazy\" decoding=\"async\" width=\"1024\" height=\"768\" data-id=\"34\" src=\"https:\/\/www.warno.be\/wp-content\/uploads\/2023\/02\/IMG_2394-1024x768.jpg\" alt=\"\" class=\"wp-image-34\" srcset=\"https:\/\/www.warno.be\/wp-content\/uploads\/2023\/02\/IMG_2394-1024x768.jpg 1024w, https:\/\/www.warno.be\/wp-content\/uploads\/2023\/02\/IMG_2394-300x225.jpg 300w, https:\/\/www.warno.be\/wp-content\/uploads\/2023\/02\/IMG_2394-768x576.jpg 768w, https:\/\/www.warno.be\/wp-content\/uploads\/2023\/02\/IMG_2394-1536x1152.jpg 1536w, https:\/\/www.warno.be\/wp-content\/uploads\/2023\/02\/IMG_2394-2048x1536.jpg 2048w\" sizes=\"auto, (max-width: 706px) 89vw, (max-width: 767px) 82vw, 740px\" \/><\/figure>\n<\/figure>\n\n\n\n<ul class=\"wp-block-list\">\n<li>3 Climatisations<\/li>\n\n\n\n<li>Plaque a induction<\/li>\n\n\n\n<li>2 terrasses <\/li>\n\n\n\n<li>Lave vaisselle<\/li>\n\n\n\n<li>A 50m de la plage par acc\u00e8s priv\u00e9 depuis la r\u00e9sidence<\/li>\n\n\n\n<li>Parc ext\u00e9rieur de la r\u00e9sidence (priv\u00e9)<\/li>\n\n\n\n<li>Divan lit <\/li>\n\n\n\n<li>T\u00e9l\u00e9vision<\/li>\n<\/ul>\n\n\n\n<figure class=\"wp-block-gallery has-nested-images columns-default is-cropped wp-block-gallery-3 is-layout-flex wp-block-gallery-is-layout-flex\">\n<figure class=\"wp-block-image size-large\"><img loading=\"lazy\" decoding=\"async\" width=\"1024\" height=\"461\" data-id=\"140\" src=\"https:\/\/www.warno.be\/wp-content\/uploads\/2023\/02\/WhatsApp-Image-2023-02-24-at-08.07.39-1024x461.jpeg\" alt=\"\" class=\"wp-image-140\" srcset=\"https:\/\/www.warno.be\/wp-content\/uploads\/2023\/02\/WhatsApp-Image-2023-02-24-at-08.07.39-1024x461.jpeg 1024w, https:\/\/www.warno.be\/wp-content\/uploads\/2023\/02\/WhatsApp-Image-2023-02-24-at-08.07.39-300x135.jpeg 300w, https:\/\/www.warno.be\/wp-content\/uploads\/2023\/02\/WhatsApp-Image-2023-02-24-at-08.07.39-768x346.jpeg 768w, https:\/\/www.warno.be\/wp-content\/uploads\/2023\/02\/WhatsApp-Image-2023-02-24-at-08.07.39-1536x691.jpeg 1536w, https:\/\/www.warno.be\/wp-content\/uploads\/2023\/02\/WhatsApp-Image-2023-02-24-at-08.07.39.jpeg 2000w\" sizes=\"auto, (max-width: 706px) 89vw, (max-width: 767px) 82vw, 740px\" \/><\/figure>\n\n\n\n<figure class=\"wp-block-image size-large\"><img loading=\"lazy\" decoding=\"async\" width=\"461\" height=\"1024\" data-id=\"139\" src=\"https:\/\/www.warno.be\/wp-content\/uploads\/2023\/02\/WhatsApp-Image-2023-02-24-at-08.06.23-461x1024.jpeg\" alt=\"\" class=\"wp-image-139\" srcset=\"https:\/\/www.warno.be\/wp-content\/uploads\/2023\/02\/WhatsApp-Image-2023-02-24-at-08.06.23-461x1024.jpeg 461w, https:\/\/www.warno.be\/wp-content\/uploads\/2023\/02\/WhatsApp-Image-2023-02-24-at-08.06.23-135x300.jpeg 135w, https:\/\/www.warno.be\/wp-content\/uploads\/2023\/02\/WhatsApp-Image-2023-02-24-at-08.06.23-768x1707.jpeg 768w, https:\/\/www.warno.be\/wp-content\/uploads\/2023\/02\/WhatsApp-Image-2023-02-24-at-08.06.23-691x1536.jpeg 691w, https:\/\/www.warno.be\/wp-content\/uploads\/2023\/02\/WhatsApp-Image-2023-02-24-at-08.06.23.jpeg 900w\" sizes=\"auto, (max-width: 461px) 100vw, 461px\" \/><\/figure>\n\n\n\n<figure class=\"wp-block-image size-large\"><img loading=\"lazy\" decoding=\"async\" width=\"1024\" height=\"461\" data-id=\"48\" src=\"https:\/\/www.warno.be\/wp-content\/uploads\/2023\/02\/WhatsApp-Image-2023-02-23-at-16.57.58-1-1024x461.jpeg\" alt=\"\" class=\"wp-image-48\" srcset=\"https:\/\/www.warno.be\/wp-content\/uploads\/2023\/02\/WhatsApp-Image-2023-02-23-at-16.57.58-1-1024x461.jpeg 1024w, https:\/\/www.warno.be\/wp-content\/uploads\/2023\/02\/WhatsApp-Image-2023-02-23-at-16.57.58-1-300x135.jpeg 300w, https:\/\/www.warno.be\/wp-content\/uploads\/2023\/02\/WhatsApp-Image-2023-02-23-at-16.57.58-1-768x346.jpeg 768w, https:\/\/www.warno.be\/wp-content\/uploads\/2023\/02\/WhatsApp-Image-2023-02-23-at-16.57.58-1-1536x691.jpeg 1536w, https:\/\/www.warno.be\/wp-content\/uploads\/2023\/02\/WhatsApp-Image-2023-02-23-at-16.57.58-1.jpeg 1600w\" sizes=\"auto, (max-width: 706px) 89vw, (max-width: 767px) 82vw, 740px\" \/><\/figure>\n\n\n\n<figure class=\"wp-block-image size-large\"><img loading=\"lazy\" decoding=\"async\" width=\"461\" height=\"1024\" data-id=\"38\" src=\"https:\/\/www.warno.be\/wp-content\/uploads\/2023\/02\/WhatsApp-Image-2023-02-23-at-16.57.54-1-461x1024.jpeg\" alt=\"\" class=\"wp-image-38\" srcset=\"https:\/\/www.warno.be\/wp-content\/uploads\/2023\/02\/WhatsApp-Image-2023-02-23-at-16.57.54-1-461x1024.jpeg 461w, https:\/\/www.warno.be\/wp-content\/uploads\/2023\/02\/WhatsApp-Image-2023-02-23-at-16.57.54-1-135x300.jpeg 135w, https:\/\/www.warno.be\/wp-content\/uploads\/2023\/02\/WhatsApp-Image-2023-02-23-at-16.57.54-1-691x1536.jpeg 691w, https:\/\/www.warno.be\/wp-content\/uploads\/2023\/02\/WhatsApp-Image-2023-02-23-at-16.57.54-1.jpeg 720w\" sizes=\"auto, (max-width: 461px) 100vw, 461px\" \/><\/figure>\n\n\n\n<figure class=\"wp-block-image size-large\"><img loading=\"lazy\" decoding=\"async\" width=\"1024\" height=\"461\" data-id=\"37\" src=\"https:\/\/www.warno.be\/wp-content\/uploads\/2023\/02\/WhatsApp-Image-2023-02-23-at-16.57.56-1024x461.jpeg\" alt=\"\" class=\"wp-image-37\" srcset=\"https:\/\/www.warno.be\/wp-content\/uploads\/2023\/02\/WhatsApp-Image-2023-02-23-at-16.57.56-1024x461.jpeg 1024w, https:\/\/www.warno.be\/wp-content\/uploads\/2023\/02\/WhatsApp-Image-2023-02-23-at-16.57.56-300x135.jpeg 300w, https:\/\/www.warno.be\/wp-content\/uploads\/2023\/02\/WhatsApp-Image-2023-02-23-at-16.57.56-768x346.jpeg 768w, https:\/\/www.warno.be\/wp-content\/uploads\/2023\/02\/WhatsApp-Image-2023-02-23-at-16.57.56-1536x691.jpeg 1536w, https:\/\/www.warno.be\/wp-content\/uploads\/2023\/02\/WhatsApp-Image-2023-02-23-at-16.57.56.jpeg 1600w\" sizes=\"auto, (max-width: 706px) 89vw, (max-width: 767px) 82vw, 740px\" \/><\/figure>\n\n\n\n<figure class=\"wp-block-image size-large\"><img loading=\"lazy\" decoding=\"async\" width=\"1024\" height=\"461\" data-id=\"36\" src=\"https:\/\/www.warno.be\/wp-content\/uploads\/2023\/02\/WhatsApp-Image-2023-02-23-at-16.57.57-1024x461.jpeg\" alt=\"\" class=\"wp-image-36\" srcset=\"https:\/\/www.warno.be\/wp-content\/uploads\/2023\/02\/WhatsApp-Image-2023-02-23-at-16.57.57-1024x461.jpeg 1024w, https:\/\/www.warno.be\/wp-content\/uploads\/2023\/02\/WhatsApp-Image-2023-02-23-at-16.57.57-300x135.jpeg 300w, https:\/\/www.warno.be\/wp-content\/uploads\/2023\/02\/WhatsApp-Image-2023-02-23-at-16.57.57-768x346.jpeg 768w, https:\/\/www.warno.be\/wp-content\/uploads\/2023\/02\/WhatsApp-Image-2023-02-23-at-16.57.57-1536x691.jpeg 1536w, https:\/\/www.warno.be\/wp-content\/uploads\/2023\/02\/WhatsApp-Image-2023-02-23-at-16.57.57.jpeg 1600w\" sizes=\"auto, (max-width: 706px) 89vw, (max-width: 767px) 82vw, 740px\" \/><\/figure>\n\n\n\n<figure class=\"wp-block-image size-large\"><img loading=\"lazy\" decoding=\"async\" width=\"1016\" height=\"1024\" data-id=\"18\" src=\"https:\/\/www.warno.be\/wp-content\/uploads\/2023\/02\/IMG_1971-1016x1024.jpg\" alt=\"\" class=\"wp-image-18\" srcset=\"https:\/\/www.warno.be\/wp-content\/uploads\/2023\/02\/IMG_1971-1016x1024.jpg 1016w, https:\/\/www.warno.be\/wp-content\/uploads\/2023\/02\/IMG_1971-298x300.jpg 298w, https:\/\/www.warno.be\/wp-content\/uploads\/2023\/02\/IMG_1971-150x150.jpg 150w, https:\/\/www.warno.be\/wp-content\/uploads\/2023\/02\/IMG_1971-768x774.jpg 768w, https:\/\/www.warno.be\/wp-content\/uploads\/2023\/02\/IMG_1971-1523x1536.jpg 1523w, https:\/\/www.warno.be\/wp-content\/uploads\/2023\/02\/IMG_1971-2031x2048.jpg 2031w\" sizes=\"auto, (max-width: 706px) 89vw, (max-width: 767px) 82vw, 740px\" \/><\/figure>\n<\/figure>\n","protected":false},"excerpt":{"rendered":"","protected":false},"author":1,"featured_media":0,"parent":0,"menu_order":0,"comment_status":"closed","ping_status":"closed","template":"","meta":{"footnotes":""},"class_list":["post-53","page","type-page","status-publish","hentry"],"_links":{"self":[{"href":"https:\/\/www.warno.be\/index.php?rest_route=\/wp\/v2\/pages\/53","targetHints":{"allow":["GET"]}}],"collection":[{"href":"https:\/\/www.warno.be\/index.php?rest_route=\/wp\/v2\/pages"}],"about":[{"href":"https:\/\/www.warno.be\/index.php?rest_route=\/wp\/v2\/types\/page"}],"author":[{"embeddable":true,"href":"https:\/\/www.warno.be\/index.php?rest_route=\/wp\/v2\/users\/1"}],"replies":[{"embeddable":true,"href":"https:\/\/www.warno.be\/index.php?rest_route=%2Fwp%2Fv2%2Fcomments&post=53"}],"version-history":[{"count":8,"href":"https:\/\/www.warno.be\/index.php?rest_route=\/wp\/v2\/pages\/53\/revisions"}],"predecessor-version":[{"id":165,"href":"https:\/\/www.warno.be\/index.php?rest_route=\/wp\/v2\/pages\/53\/revisions\/165"}],"wp:attachment":[{"href":"https:\/\/www.warno.be\/index.php?rest_route=%2Fwp%2Fv2%2Fmedia&parent=53"}],"curies":[{"name":"wp","href":"https:\/\/api.w.org\/{rel}","templated":true}]}}